{"id":377,"date":"2025-09-25T12:06:03","date_gmt":"2025-09-25T12:06:03","guid":{"rendered":"https:\/\/goatdesigns.nl\/?page_id=377"},"modified":"2025-09-25T13:02:05","modified_gmt":"2025-09-25T13:02:05","slug":"privacy-beleid","status":"publish","type":"page","link":"https:\/\/goatdesigns.nl\/en\/privacy-beleid\/","title":{"rendered":"privacy beleid"},"content":{"rendered":"<div data-elementor-type=\"wp-page\" data-elementor-id=\"377\" class=\"elementor elementor-377\" data-elementor-post-type=\"page\">\n\t\t\t\t\t\t<section class=\"elementor-section elementor-top-section elementor-element elementor-element-3ffee338 elementor-section-boxed ang-section-padding-initial elementor-section-height-default elementor-section-height-default elementor-repeater-item-none elementor-repeater-item-none_hover\" data-id=\"3ffee338\" data-element_type=\"section\" data-settings=\"{&quot;background_background&quot;:&quot;classic&quot;}\">\n\t\t\t\t\t\t<div class=\"elementor-container elementor-column-gap-default\">\n\t\t\t\t\t<div class=\"elementor-column elementor-col-100 elementor-top-column elementor-element elementor-element-1bd94800 elementor-repeater-item-none elementor-repeater-item-none_hover\" data-id=\"1bd94800\" data-element_type=\"column\">\n\t\t\t<div class=\"elementor-widget-wrap elementor-element-populated\">\n\t\t\t\t\t\t<div class=\"elementor-element elementor-element-711589d2 elementor-repeater-item-none elementor-repeater-item-none_hover elementor-invisible elementor-widget elementor-widget-heading\" data-id=\"711589d2\" data-element_type=\"widget\" data-settings=\"{&quot;_animation&quot;:&quot;fadeInUp&quot;}\" data-widget_type=\"heading.default\">\n\t\t\t\t\t<h2 class=\"elementor-heading-title elementor-size-default\">privacy beleid<\/h2>\t\t\t\t<\/div>\n\t\t\t\t<div class=\"elementor-element elementor-element-70f451b elementor-repeater-item-none elementor-repeater-item-none_hover elementor-widget elementor-widget-text-editor\" data-id=\"70f451b\" data-element_type=\"widget\" data-widget_type=\"text-editor.default\">\n\t\t\t\t\t\t\t\t\t<h1 style=\"margin-block-end: 13px; font-size: 17.008px; text-align: justify;\">Bij ons zijn uw priv\u00e9gegevens echt priv\u00e9<\/h1><p style=\"margin-block-end: 13px; font-size: 17.008px; text-align: justify;\">Uw persoonsgegevens zijn van u. En daarom houden we die ook echt priv\u00e9. Voor onze dienstverlening vragen wij wel om uw persoonsgegevens en leggen deze vast. Deze hebben we namelijk nodig bij de diensten die we aan u leveren. Hiermee kunnen wij ook voor uw situatie u zo goed mogelijk van passende informatie voorzien.<\/p><p style=\"margin-block-end: 13px; font-size: 17.008px; text-align: justify;\">Vanaf 25 mei 2018 is de Algemene Verordening Gegevensbescherming, afgekort als AVG, van kracht. Deze wet geldt voor alle Europese landen en beschrijft hoe bedrijven met persoonsgegevens om moeten gaan. Natuurlijk hebben wij ervoor gezorgd dat wij voldoen aan deze wet.<\/p><p style=\"margin-block-end: 13px; font-size: 17.008px; text-align: justify;\">Wilt u meer weten over hoe wij met uw privacy omgaan? Lees hierover dan verder in onze uitgebreide toelichting.<\/p><p style=\"margin-block-end: 13px; font-size: 17.008px; text-align: justify;\">Rechtmatige redenen voor het vastleggen en inzetten van uw gegevens<\/p><p style=\"margin-block-end: 13px; font-size: 17.008px; text-align: justify;\">De AVG geeft aan dat wij alleen op basis van rechtmatige redenen uw persoonsgegevens mogen vastleggen, verwerken en inzetten. En dat wij hiervoor uw toestemming nodig hebben. Wij registreren uw persoonsgegevens om aan onze contractuele afspraken met u te kunnen voldoen, u een goede dienstverlening te kunnen leveren en op maat te kunnen communiceren met passende informatie en promoties van ons bedrijf.<\/p><h2 style=\"margin-block-end: 13px; font-size: 17.008px; text-align: justify;\">Bij contractuele afspraken hebben wij uw persoonsgegevens nodig voor:<\/h2><ul style=\"background-color: #151017; font-size: 17.008px; text-align: justify;\"><li style=\"font-size: 17.008px;\">Bestellingen<\/li><li style=\"font-size: 17.008px;\">Opleveringen<\/li><li style=\"font-size: 17.008px;\">Onderhoud van afgenomen diensten<\/li><\/ul><p style=\"margin-block-end: 13px; font-size: 17.008px; text-align: justify;\">Voor een goede klantervaring zetten wij graag de persoonsgegevens in die wij van u hebben. Dit doen wij voor:<\/p><ul style=\"background-color: #151017; font-size: 17.008px; text-align: justify;\"><li style=\"font-size: 17.008px;\">Het verkrijgen van uw feedback &amp; klanttevredenheidsonderzoek<\/li><li style=\"font-size: 17.008px;\">Contact met onze klantenservice<\/li><li style=\"font-size: 17.008px;\">Bezoek van onze website<\/li><li style=\"font-size: 17.008px;\">Bezoek van onze social media kanalen<\/li><li style=\"font-size: 17.008px;\">Klantaccounts<\/li><li style=\"font-size: 17.008px;\">Nieuwsbrief &amp; e-mail<\/li><li style=\"font-size: 17.008px;\">Persoonlijke adviezen<\/li><li style=\"font-size: 17.008px;\">Promoties<\/li><\/ul><p style=\"margin-block-end: 13px; font-size: 17.008px; text-align: justify;\">Bovendien hebben wij een wettelijke verplichting om uw gegevens te gebruiken wanneer we fraude vermoeden. Ook zullen wij in verdachte situaties soms verplicht zijn om persoonsgegevens te delen met overheidsinstanties.<\/p>\t\t\t\t\t\t\t\t<\/div>\n\t\t\t\t<div class=\"elementor-element elementor-element-a680be7 elementor-repeater-item-none elementor-repeater-item-none_hover elementor-widget elementor-widget-text-editor\" data-id=\"a680be7\" data-element_type=\"widget\" data-widget_type=\"text-editor.default\">\n\t\t\t\t\t\t\t\t\t<h2 style=\"margin-block-end: 13px; font-size: 17.008px; text-align: justify;\">Wie toegang heeft tot uw gegevens<\/h2>\n<p style=\"margin-block-end: 13px; font-size: 17.008px; text-align: justify;\">Alleen ons bedrijf heeft toegang tot uw persoonsgegevens, tenzij het delen hiervan met andere bedrijven echt nodig is voor een uitstekende dienstverlening naar u en bij wettelijke verplichtingen. Wanneer wij uw persoonsgegevens delen, dan hebben wij vooraf hierover afspraken gemaakt en vastgelegd met die bedrijven. Bovendien mogen deze bedrijven alleen de persoonsgegevens gebruiken en verwerken zoals wij met hen hebben vastgelegd.<\/p>\n<p style=\"margin-block-end: 13px; font-size: 17.008px; text-align: justify;\">Als bijvoorbeeld een product naar uw bedrijf verzonden wordt, dan zal het transportbedrijf die dit uitvoert natuurlijk uw adres en specifieke bedrijfsgegevens nodig hebben.<\/p>\n<p style=\"margin-block-end: 13px; font-size: 17.008px; text-align: justify;\">Social Media kanalen<\/p>\n<p style=\"margin-block-end: 13px; font-size: 17.008px; text-align: justify;\">Op social media kanalen kunt u instellen hoe deze omgaan met hun advertenties. Hoe u dit kunt wijzigen kunt u lezen op de volgende pagina\u2019s:<\/p>\n<ul style=\"background-color: #151017; font-size: 17.008px; text-align: justify;\">\n<li style=\"font-size: 17.008px;\"><a href=\"https:\/\/www.facebook.com\/business\/help\/1415256572060999\" target=\"_blank\" rel=\"noopener\">Facebook<\/a><\/li>\n<li style=\"font-size: 17.008px;\"><a href=\"https:\/\/www.linkedin.com\/psettings\/privacy\" target=\"_blank\" rel=\"noopener\">LinkedIn<\/a><\/li>\n<li style=\"font-size: 17.008px;\"><a href=\"https:\/\/twitter.com\/settings\/personalization\" target=\"_blank\" rel=\"noopener\">Twitter<\/a><\/li>\n<\/ul>\n<div style=\"text-align: justify;\">&nbsp;<\/div>\n<h2 style=\"margin-block-end: 13px; font-size: 17.008px; text-align: justify;\">Termijn voor het bewaren van uw gegevens<\/h2>\n<p style=\"margin-block-end: 13px; font-size: 17.008px; text-align: justify;\">Wij bewaren uw persoonsgegevens voor een redelijke termijn, zodat wij u een zo goed mogelijke ervaring kunnen geven met onze bedrijf. Mogelijk bewaren we de informatie hierna nog wel anoniem voor interne analyses en rapportages.<\/p>\n<p style=\"margin-block-end: 13px; font-size: 17.008px; text-align: justify;\">In de praktijk betekent ons beleid voor het bewaren van uw persoonsgegevens het volgende:<\/p>\n<ul style=\"background-color: #151017; font-size: 17.008px; text-align: justify;\">\n<li style=\"font-size: 17.008px;\">Van klanten bewaren wij de opgeslagen gegevens voor een periode van 7 jaar na hun laatste bestelling.<\/li>\n<li style=\"font-size: 17.008px;\">De belastingdienst verplicht ons om de factuur, betaal- en bestelgegevens voor een periode van 7 jaar te bewaren. Daarna bewaren we alleen anonieme gegevens voor interne analyses en rapportages.<\/li>\n<li style=\"font-size: 17.008px;\">Inactieve accounts van portals verwijderen we na 7 jaar.<\/li>\n<li style=\"font-size: 17.008px;\">De toestemmingen die wij van u hebben ontvangen, voor bijvoorbeeld het ontvangen van nieuwsbrieven en promoties, bewaren wij. Ook van het aangeven dat u deze niet meer wilt ontvangen. Deze bewaren wij voor een periode van 7 jaar.<\/li>\n<li style=\"font-size: 17.008px;\">Gegevens die nodig bleken te zijn voor fraude bewaren wij lang. Niet leuk, maar wel noodzakelijk.<\/li>\n<\/ul>\n<h2 style=\"margin-block-end: 13px; font-size: 17.008px; text-align: justify;\">Bezoeken van onze website<\/h2>\n<p style=\"margin-block-end: 13px; font-size: 17.008px; text-align: justify;\">Wanneer u op onze website surft dan gebruiken wij cookies en vergelijkbare technieken. Met cookies volgen wij en derde uw internetgedrag op onze website. Met deze informatie kunnen wij onze website continu verbeteren en de effectiviteit meten van advertenties. Wilt u meer weten over cookies of uw instellingen aanpassen? Hierover is meer beschreven op onze cookie-pagina.<\/p>\n<h2 style=\"margin-block-end: 13px; font-size: 17.008px; text-align: justify;\">Uw rechten voor uw persoonsgegevens<\/h2>\n<p style=\"margin-block-end: 13px; font-size: 17.008px; text-align: justify;\">In de AVG is beschreven welke rechten u hoeft met betrekking tot uw priv\u00e9 gegevens. Wilt u een kopie ontvangen van de priv\u00e9 gegevens die wij van u hebben? Deze verwijderen, aanpassen, het verwerken hiervan beperken of uw voorkeuren voor het ontvangen van nieuwsbrieven en promoties? U kunt hiervoor uw verzoek indienen door telefonisch contact met ons op te nemen of een email naar&nbsp;info@goatdesigns.nl<\/p>\n<p style=\"margin-block-end: 13px; font-size: 17.008px; text-align: justify;\">Vragen of klachten<\/p>\n<p style=\"margin-block-end: 13px; font-size: 17.008px; text-align: justify;\">Voor vragen of klachten kunt u contact opnemen met onze klantenservice of een email sturen naar info@goatdesigns.nl<\/p>\t\t\t\t\t\t\t\t<\/div>\n\t\t\t\t\t<\/div>\n\t\t<\/div>\n\t\t\t\t\t<\/div>\n\t\t<\/section>\n\t\t<div class=\"elementor-element elementor-element-d19cc11 e-flex e-con-boxed elementor-repeater-item-default_padding elementor-repeater-item-none elementor-repeater-item-none_hover e-con e-parent\" data-id=\"d19cc11\" data-element_type=\"container\" data-settings=\"{&quot;ang_container_spacing_size&quot;:&quot;default_padding&quot;}\">\n\t\t\t\t\t<div class=\"e-con-inner\">\n\t\t\t\t\t<\/div>\n\t\t\t\t<\/div>\n\t\t\t\t<\/div>","protected":false},"excerpt":{"rendered":"<p>privacy beleid Bij ons zijn uw priv\u00e9gegevens echt priv\u00e9 Uw persoonsgegevens zijn van u. En daarom houden we die ook echt priv\u00e9. Voor onze dienstverlening vragen wij wel om uw persoonsgegevens en leggen deze vast. Deze hebben we namelijk nodig bij de diensten die we aan u leveren. Hiermee kunnen wij ook voor uw situatie [&hellip;]<\/p>","protected":false},"author":1,"featured_media":0,"parent":0,"menu_order":0,"comment_status":"closed","ping_status":"closed","template":"elementor_header_footer","meta":{"footnotes":""},"class_list":["post-377","page","type-page","status-publish","hentry"],"yoast_head":"<!-- This site is optimized with the Yoast SEO plugin v26.5 - https:\/\/yoast.com\/wordpress\/plugins\/seo\/ -->\n<title>privacy beleid - Goat Designs<\/title>\n<meta name=\"robots\" content=\"index, follow, max-snippet:-1, max-image-preview:large, max-video-preview:-1\" \/>\n<link rel=\"canonical\" href=\"https:\/\/goatdesigns.nl\/en\/privacy-beleid\/\" \/>\n<meta property=\"og:locale\" content=\"en_GB\" \/>\n<meta property=\"og:type\" content=\"article\" \/>\n<meta property=\"og:title\" content=\"privacy beleid - Goat Designs\" \/>\n<meta property=\"og:description\" content=\"privacy beleid Bij ons zijn uw priv\u00e9gegevens echt priv\u00e9 Uw persoonsgegevens zijn van u. En daarom houden we die ook echt priv\u00e9. Voor onze dienstverlening vragen wij wel om uw persoonsgegevens en leggen deze vast. Deze hebben we namelijk nodig bij de diensten die we aan u leveren. Hiermee kunnen wij ook voor uw situatie [&hellip;]\" \/>\n<meta property=\"og:url\" content=\"https:\/\/goatdesigns.nl\/en\/privacy-beleid\/\" \/>\n<meta property=\"og:site_name\" content=\"Goat Designs\" \/>\n<meta property=\"article:modified_time\" content=\"2025-09-25T13:02:05+00:00\" \/>\n<meta name=\"twitter:card\" content=\"summary_large_image\" \/>\n<meta name=\"twitter:label1\" content=\"Estimated reading time\" \/>\n\t<meta name=\"twitter:data1\" content=\"4 minutes\" \/>\n<script type=\"application\/ld+json\" class=\"yoast-schema-graph\">{\"@context\":\"https:\/\/schema.org\",\"@graph\":[{\"@type\":\"WebPage\",\"@id\":\"https:\/\/goatdesigns.nl\/privacy-beleid\/\",\"url\":\"https:\/\/goatdesigns.nl\/privacy-beleid\/\",\"name\":\"privacy beleid - Goat Designs\",\"isPartOf\":{\"@id\":\"https:\/\/goatdesigns.nl\/#website\"},\"datePublished\":\"2025-09-25T12:06:03+00:00\",\"dateModified\":\"2025-09-25T13:02:05+00:00\",\"breadcrumb\":{\"@id\":\"https:\/\/goatdesigns.nl\/privacy-beleid\/#breadcrumb\"},\"inLanguage\":\"en-GB\",\"potentialAction\":[{\"@type\":\"ReadAction\",\"target\":[\"https:\/\/goatdesigns.nl\/privacy-beleid\/\"]}]},{\"@type\":\"BreadcrumbList\",\"@id\":\"https:\/\/goatdesigns.nl\/privacy-beleid\/#breadcrumb\",\"itemListElement\":[{\"@type\":\"ListItem\",\"position\":1,\"name\":\"Home\",\"item\":\"https:\/\/goatdesigns.nl\/\"},{\"@type\":\"ListItem\",\"position\":2,\"name\":\"privacy beleid\"}]},{\"@type\":\"WebSite\",\"@id\":\"https:\/\/goatdesigns.nl\/#website\",\"url\":\"https:\/\/goatdesigns.nl\/\",\"name\":\"Goat Designs\",\"description\":\"\",\"publisher\":{\"@id\":\"https:\/\/goatdesigns.nl\/#organization\"},\"potentialAction\":[{\"@type\":\"SearchAction\",\"target\":{\"@type\":\"EntryPoint\",\"urlTemplate\":\"https:\/\/goatdesigns.nl\/?s={search_term_string}\"},\"query-input\":{\"@type\":\"PropertyValueSpecification\",\"valueRequired\":true,\"valueName\":\"search_term_string\"}}],\"inLanguage\":\"en-GB\"},{\"@type\":\"Organization\",\"@id\":\"https:\/\/goatdesigns.nl\/#organization\",\"name\":\"Goat Designs\",\"url\":\"https:\/\/goatdesigns.nl\/\",\"logo\":{\"@type\":\"ImageObject\",\"inLanguage\":\"en-GB\",\"@id\":\"https:\/\/goatdesigns.nl\/#\/schema\/logo\/image\/\",\"url\":\"https:\/\/goatdesigns.nl\/wp-content\/uploads\/2025\/09\/goa-designs-02-2-scaled.png\",\"contentUrl\":\"https:\/\/goatdesigns.nl\/wp-content\/uploads\/2025\/09\/goa-designs-02-2-scaled.png\",\"width\":2560,\"height\":2560,\"caption\":\"Goat Designs\"},\"image\":{\"@id\":\"https:\/\/goatdesigns.nl\/#\/schema\/logo\/image\/\"}}]}<\/script>\n<!-- \/ Yoast SEO plugin. -->","yoast_head_json":{"title":"privacy beleid - Goat Designs","robots":{"index":"index","follow":"follow","max-snippet":"max-snippet:-1","max-image-preview":"max-image-preview:large","max-video-preview":"max-video-preview:-1"},"canonical":"https:\/\/goatdesigns.nl\/en\/privacy-beleid\/","og_locale":"en_GB","og_type":"article","og_title":"privacy beleid - Goat Designs","og_description":"privacy beleid Bij ons zijn uw priv\u00e9gegevens echt priv\u00e9 Uw persoonsgegevens zijn van u. En daarom houden we die ook echt priv\u00e9. Voor onze dienstverlening vragen wij wel om uw persoonsgegevens en leggen deze vast. Deze hebben we namelijk nodig bij de diensten die we aan u leveren. Hiermee kunnen wij ook voor uw situatie [&hellip;]","og_url":"https:\/\/goatdesigns.nl\/en\/privacy-beleid\/","og_site_name":"Goat Designs","article_modified_time":"2025-09-25T13:02:05+00:00","twitter_card":"summary_large_image","twitter_misc":{"Estimated reading time":"4 minutes"},"schema":{"@context":"https:\/\/schema.org","@graph":[{"@type":"WebPage","@id":"https:\/\/goatdesigns.nl\/privacy-beleid\/","url":"https:\/\/goatdesigns.nl\/privacy-beleid\/","name":"privacy beleid - Goat Designs","isPartOf":{"@id":"https:\/\/goatdesigns.nl\/#website"},"datePublished":"2025-09-25T12:06:03+00:00","dateModified":"2025-09-25T13:02:05+00:00","breadcrumb":{"@id":"https:\/\/goatdesigns.nl\/privacy-beleid\/#breadcrumb"},"inLanguage":"en-GB","potentialAction":[{"@type":"ReadAction","target":["https:\/\/goatdesigns.nl\/privacy-beleid\/"]}]},{"@type":"BreadcrumbList","@id":"https:\/\/goatdesigns.nl\/privacy-beleid\/#breadcrumb","itemListElement":[{"@type":"ListItem","position":1,"name":"Home","item":"https:\/\/goatdesigns.nl\/"},{"@type":"ListItem","position":2,"name":"privacy beleid"}]},{"@type":"WebSite","@id":"https:\/\/goatdesigns.nl\/#website","url":"https:\/\/goatdesigns.nl\/","name":"Goat Designs","description":"","publisher":{"@id":"https:\/\/goatdesigns.nl\/#organization"},"potentialAction":[{"@type":"SearchAction","target":{"@type":"EntryPoint","urlTemplate":"https:\/\/goatdesigns.nl\/?s={search_term_string}"},"query-input":{"@type":"PropertyValueSpecification","valueRequired":true,"valueName":"search_term_string"}}],"inLanguage":"en-GB"},{"@type":"Organization","@id":"https:\/\/goatdesigns.nl\/#organization","name":"Goat Designs","url":"https:\/\/goatdesigns.nl\/","logo":{"@type":"ImageObject","inLanguage":"en-GB","@id":"https:\/\/goatdesigns.nl\/#\/schema\/logo\/image\/","url":"https:\/\/goatdesigns.nl\/wp-content\/uploads\/2025\/09\/goa-designs-02-2-scaled.png","contentUrl":"https:\/\/goatdesigns.nl\/wp-content\/uploads\/2025\/09\/goa-designs-02-2-scaled.png","width":2560,"height":2560,"caption":"Goat Designs"},"image":{"@id":"https:\/\/goatdesigns.nl\/#\/schema\/logo\/image\/"}}]}},"jetpack_sharing_enabled":true,"_links":{"self":[{"href":"https:\/\/goatdesigns.nl\/en\/wp-json\/wp\/v2\/pages\/377","targetHints":{"allow":["GET"]}}],"collection":[{"href":"https:\/\/goatdesigns.nl\/en\/wp-json\/wp\/v2\/pages"}],"about":[{"href":"https:\/\/goatdesigns.nl\/en\/wp-json\/wp\/v2\/types\/page"}],"author":[{"embeddable":true,"href":"https:\/\/goatdesigns.nl\/en\/wp-json\/wp\/v2\/users\/1"}],"replies":[{"embeddable":true,"href":"https:\/\/goatdesigns.nl\/en\/wp-json\/wp\/v2\/comments?post=377"}],"version-history":[{"count":20,"href":"https:\/\/goatdesigns.nl\/en\/wp-json\/wp\/v2\/pages\/377\/revisions"}],"predecessor-version":[{"id":417,"href":"https:\/\/goatdesigns.nl\/en\/wp-json\/wp\/v2\/pages\/377\/revisions\/417"}],"wp:attachment":[{"href":"https:\/\/goatdesigns.nl\/en\/wp-json\/wp\/v2\/media?parent=377"}],"curies":[{"name":"wp","href":"https:\/\/api.w.org\/{rel}","templated":true}]}}